{"id":1236,"date":"2024-04-03T14:10:23","date_gmt":"2024-04-03T14:10:23","guid":{"rendered":"https:\/\/www.bagpes.com\/carmelo-curco\/"},"modified":"2024-05-02T09:24:28","modified_gmt":"2024-05-02T09:24:28","slug":"carmelo-curco","status":"publish","type":"page","link":"https:\/\/www.bagpes.com\/es\/carmelo-curco\/","title":{"rendered":"CARMELO CURC\u00d3"},"content":{"rendered":"\t\t<div data-elementor-type=\"wp-page\" data-elementor-id=\"1236\" class=\"elementor elementor-1236 elementor-43\" data-elementor-post-type=\"page\">\n\t\t\t\t<div class=\"elementor-element elementor-element-fde1383 e-flex e-con-boxed e-con e-parent\" data-id=\"fde1383\" data-element_type=\"container\" data-settings=\"{&quot;background_background&quot;:&quot;classic&quot;}\" data-core-v316-plus=\"true\">\n\t\t\t\t\t<div class=\"e-con-inner\">\n\t\t\t\t<div class=\"elementor-element elementor-element-5b47898 elementor-widget elementor-widget-heading\" data-id=\"5b47898\" data-element_type=\"widget\" data-widget_type=\"heading.default\">\n\t\t\t\t<div class=\"elementor-widget-container\">\n\t\t\t<style>\/*! elementor - v3.20.0 - 26-03-2024 *\/\n.elementor-heading-title{padding:0;margin:0;line-height:1}.elementor-widget-heading .elementor-heading-title[class*=elementor-size-]>a{color:inherit;font-size:inherit;line-height:inherit}.elementor-widget-heading .elementor-heading-title.elementor-size-small{font-size:15px}.elementor-widget-heading .elementor-heading-title.elementor-size-medium{font-size:19px}.elementor-widget-heading .elementor-heading-title.elementor-size-large{font-size:29px}.elementor-widget-heading .elementor-heading-title.elementor-size-xl{font-size:39px}.elementor-widget-heading .elementor-heading-title.elementor-size-xxl{font-size:59px}<\/style><h1 class=\"elementor-heading-title elementor-size-default\">CARMELO CURC\u00d3<\/h1>\t\t<\/div>\n\t\t\t\t<\/div>\n\t\t\t\t\t<\/div>\n\t\t\t\t<\/div>\n\t\t<div class=\"elementor-element elementor-element-75dba08 e-flex e-con-boxed e-con e-parent\" data-id=\"75dba08\" data-element_type=\"container\" data-core-v316-plus=\"true\">\n\t\t\t\t\t<div class=\"e-con-inner\">\n\t\t<div class=\"elementor-element elementor-element-a176517 e-con-full e-flex e-con e-child\" data-id=\"a176517\" data-element_type=\"container\" data-settings=\"{&quot;background_background&quot;:&quot;classic&quot;}\">\n\t\t\t\t<div class=\"elementor-element elementor-element-f830938 elementor-widget elementor-widget-image\" data-id=\"f830938\" data-element_type=\"widget\" data-widget_type=\"image.default\">\n\t\t\t\t<div class=\"elementor-widget-container\">\n\t\t\t<style>\/*! elementor - v3.20.0 - 26-03-2024 *\/\n.elementor-widget-image{text-align:center}.elementor-widget-image a{display:inline-block}.elementor-widget-image a img[src$=\".svg\"]{width:48px}.elementor-widget-image img{vertical-align:middle;display:inline-block}<\/style>\t\t\t\t\t\t\t\t\t\t<img fetchpriority=\"high\" decoding=\"async\" width=\"480\" height=\"640\" src=\"https:\/\/www.bagpes.com\/wp-content\/uploads\/2024\/04\/carmelo-curco-img-1.jpg\" class=\"attachment-full size-full wp-image-314\" alt=\"\" srcset=\"https:\/\/www.bagpes.com\/wp-content\/uploads\/2024\/04\/carmelo-curco-img-1.jpg 480w, https:\/\/www.bagpes.com\/wp-content\/uploads\/2024\/04\/carmelo-curco-img-1-225x300.jpg 225w\" sizes=\"(max-width: 480px) 100vw, 480px\" \/>\t\t\t\t\t\t\t\t\t\t\t\t\t<\/div>\n\t\t\t\t<\/div>\n\t\t\t\t<div class=\"elementor-element elementor-element-27efe64 elementor-widget elementor-widget-text-editor\" data-id=\"27efe64\" data-element_type=\"widget\" data-widget_type=\"text-editor.default\">\n\t\t\t\t<div class=\"elementor-widget-container\">\n\t\t\t<style>\/*! elementor - v3.20.0 - 26-03-2024 *\/\n.elementor-widget-text-editor.elementor-drop-cap-view-stacked .elementor-drop-cap{background-color:#69727d;color:#fff}.elementor-widget-text-editor.elementor-drop-cap-view-framed .elementor-drop-cap{color:#69727d;border:3px solid;background-color:transparent}.elementor-widget-text-editor:not(.elementor-drop-cap-view-default) .elementor-drop-cap{margin-top:8px}.elementor-widget-text-editor:not(.elementor-drop-cap-view-default) .elementor-drop-cap-letter{width:1em;height:1em}.elementor-widget-text-editor .elementor-drop-cap{float:left;text-align:center;line-height:1;font-size:50px}.elementor-widget-text-editor .elementor-drop-cap-letter{display:inline-block}<\/style>\t\t\t\t<p>Es Ingeniero Industrial Mec\u00e1nico, y M\u00e1ster en M\u00e9todos Num\u00e9ricos para el C\u00e1lculo y Dise\u00f1o en Ingenier\u00eda por la Universitat Polit\u00e8cnica de Catalunya (UPC). Se ha formado y especializado en t\u00e9cnicas de ensamblaje por soldadura, obteniendo la calificaci\u00f3n de European Welding Technologist por la European Welding Federation, y ha llevado a cabo el Programa de Direcci\u00f3n de Operaciones de la Escuela de Alta Direcci\u00f3n y Administraci\u00f3n (EADA).<\/p>\n\t\t\t\t\t\t<\/div>\n\t\t\t\t<\/div>\n\t\t\t\t<\/div>\n\t\t<div class=\"elementor-element elementor-element-81d3bca e-con-full e-flex e-con e-child\" data-id=\"81d3bca\" data-element_type=\"container\">\n\t\t\t\t<div class=\"elementor-element elementor-element-c3eda5c elementor-widget elementor-widget-heading\" data-id=\"c3eda5c\" data-element_type=\"widget\" data-widget_type=\"heading.default\">\n\t\t\t\t<div class=\"elementor-widget-container\">\n\t\t\t<h2 class=\"elementor-heading-title elementor-size-default\">Carmelo Curc\u00f3 Masip<\/h2>\t\t<\/div>\n\t\t\t\t<\/div>\n\t\t\t\t<div class=\"elementor-element elementor-element-0fb5c58 elementor-widget elementor-widget-heading\" data-id=\"0fb5c58\" data-element_type=\"widget\" data-widget_type=\"heading.default\">\n\t\t\t\t<div class=\"elementor-widget-container\">\n\t\t\t<h3 class=\"elementor-heading-title elementor-size-default\">Persona emprendedora<\/h3>\t\t<\/div>\n\t\t\t\t<\/div>\n\t\t\t\t<div class=\"elementor-element elementor-element-6d26804 elementor-widget elementor-widget-image\" data-id=\"6d26804\" data-element_type=\"widget\" data-widget_type=\"image.default\">\n\t\t\t\t<div class=\"elementor-widget-container\">\n\t\t\t\t\t\t\t\t\t\t\t\t\t<img decoding=\"async\" width=\"320\" height=\"21\" src=\"https:\/\/www.bagpes.com\/wp-content\/uploads\/2024\/04\/separador.png\" class=\"attachment-full size-full wp-image-147\" alt=\"\" srcset=\"https:\/\/www.bagpes.com\/wp-content\/uploads\/2024\/04\/separador.png 320w, https:\/\/www.bagpes.com\/wp-content\/uploads\/2024\/04\/separador-300x20.png 300w\" sizes=\"(max-width: 320px) 100vw, 320px\" \/>\t\t\t\t\t\t\t\t\t\t\t\t\t<\/div>\n\t\t\t\t<\/div>\n\t\t\t\t<div class=\"elementor-element elementor-element-e8cae35 elementor-widget elementor-widget-text-editor\" data-id=\"e8cae35\" data-element_type=\"widget\" data-widget_type=\"text-editor.default\">\n\t\t\t\t<div class=\"elementor-widget-container\">\n\t\t\t\t\t\t\t<p>Es Ingeniero Industrial Mec\u00e1nico, con m\u00e1s de 35 a\u00f1os de vida profesional, dedicada al dise\u00f1o y fabricaci\u00f3n de maquinaria y l\u00edneas autom\u00e1ticas de producci\u00f3n, en sectores tecnol\u00f3gicamente punteros, tal como el sector de la automoci\u00f3n o el sector del\u00a0<span class=\"hiddenSpellError\">packaging<\/span>.<\/p><p>Como profesional del sector del\u00a0<span class=\"hiddenSpellError\">packaging<\/span> ha desarrollado su carrera durante m\u00e1s de 25 a\u00f1os como Director Industrial y Director de producto <span class=\"\" lang=\"CA\"><span class=\"\">( R+D y IT) a <\/span><\/span>\u00a0<span class=\"hiddenSpellError\">PAYPER<\/span> SA, empresa l\u00edder en Espa\u00f1a en el sector de maquinaria por el embalaje en sacos industriales, y una de las principales empresas dentro del sector a nivel mundial. Cuenta con m\u00e1s de 3.000 proyectos realizados de ensacado y paletizado, tanto de \u00e1mbito nacional como internacional, liderando un equipo de profesionales que han contribuido con su dedicaci\u00f3n y compromiso a conseguir hitos tecnol\u00f3gicos, que parec\u00edan inalcanzables en su momento. Siempre ha velado y procurado por la implicaci\u00f3n de los t\u00e9cnicos y profesionales en los proyectos que ha liderado, fomentando el trabajo en equipo y la responsabilidad individual, con un liderazgo basado en el respeto profesional a las personas.<\/p><p>Tambi\u00e9n ejerci\u00f3, con anterioridad, como profesional dentro del sector de la automoci\u00f3n, durante 9 a\u00f1os, a\u00a0<span class=\"hiddenSpellError\">SERRA SOLDADURA<\/span> SA, empresa l\u00edder, dentro de su sector, en el dise\u00f1o y fabricaci\u00f3n de m\u00e1quinas y l\u00edneas autom\u00e1ticas de ensamblaje\u00a0mediante t\u00e9cnicas de soldadura. Inicialmente, desarrollando tareas de proyectista y jefe de proyectos, posteriormente, asumiendo el cargo y la responsabilidad como Director de Operaciones de la unidad de negocio 30M de SERRA SOLDADURA SA, \u00e1rea dedicada a la realizaci\u00f3n de proyectos para clientes pertenecientes\u00a0a la\u00a0industria auxiliar del autom\u00f3vil. Cuenta con m\u00e1s de 50 de proyectos realizados en este campo de la tecnolog\u00eda, entre los que se pueden contar utillajes y l\u00edneas de soldadura de componentes utilizados en los veh\u00edculos de los principales <span class=\"\" lang=\"CA\"><span class=\"\">fabricantes europeos de autom\u00f3viles<\/span><\/span>, tales como: l\u00edneas y componentes de laterales, cunas de motor, parachoques, brazos de suspensi\u00f3n, columnas de direcci\u00f3n,\u00a0<span class=\"hiddenSpellError\">pedaleres<\/span>, y asientos de automoci\u00f3n, entre otros.<\/p>\t\t\t\t\t\t<\/div>\n\t\t\t\t<\/div>\n\t\t\t\t<\/div>\n\t\t\t\t\t<\/div>\n\t\t\t\t<\/div>\n\t\t\t\t<\/div>\n\t\t","protected":false},"excerpt":{"rendered":"<p>CARMELO CURC\u00d3 Es Ingeniero Industrial Mec\u00e1nico, y M\u00e1ster en M\u00e9todos Num\u00e9ricos para el C\u00e1lculo y Dise\u00f1o en Ingenier\u00eda por la Universitat Polit\u00e8cnica de Catalunya (UPC). Se ha formado y especializado en t\u00e9cnicas de ensamblaje por soldadura, obteniendo la calificaci\u00f3n de European Welding Technologist por la European Welding Federation, y ha llevado a cabo el Programa [&hellip;]<\/p>\n","protected":false},"author":1,"featured_media":0,"parent":0,"menu_order":0,"comment_status":"closed","ping_status":"closed","template":"elementor_header_footer","meta":{"footnotes":""},"class_list":["post-1236","page","type-page","status-publish","hentry"],"_links":{"self":[{"href":"https:\/\/www.bagpes.com\/es\/wp-json\/wp\/v2\/pages\/1236","targetHints":{"allow":["GET"]}}],"collection":[{"href":"https:\/\/www.bagpes.com\/es\/wp-json\/wp\/v2\/pages"}],"about":[{"href":"https:\/\/www.bagpes.com\/es\/wp-json\/wp\/v2\/types\/page"}],"author":[{"embeddable":true,"href":"https:\/\/www.bagpes.com\/es\/wp-json\/wp\/v2\/users\/1"}],"replies":[{"embeddable":true,"href":"https:\/\/www.bagpes.com\/es\/wp-json\/wp\/v2\/comments?post=1236"}],"version-history":[{"count":27,"href":"https:\/\/www.bagpes.com\/es\/wp-json\/wp\/v2\/pages\/1236\/revisions"}],"predecessor-version":[{"id":1643,"href":"https:\/\/www.bagpes.com\/es\/wp-json\/wp\/v2\/pages\/1236\/revisions\/1643"}],"wp:attachment":[{"href":"https:\/\/www.bagpes.com\/es\/wp-json\/wp\/v2\/media?parent=1236"}],"curies":[{"name":"wp","href":"https:\/\/api.w.org\/{rel}","templated":true}]}}