{"id":1240,"date":"2024-04-03T14:10:11","date_gmt":"2024-04-03T14:10:11","guid":{"rendered":"https:\/\/www.bagpes.com\/mision\/"},"modified":"2024-05-06T07:11:30","modified_gmt":"2024-05-06T07:11:30","slug":"mision","status":"publish","type":"page","link":"https:\/\/www.bagpes.com\/es\/mision\/","title":{"rendered":"MISI\u00d3N"},"content":{"rendered":"\t\t<div data-elementor-type=\"wp-page\" data-elementor-id=\"1240\" class=\"elementor elementor-1240 elementor-41\" data-elementor-post-type=\"page\">\n\t\t\t\t<div class=\"elementor-element elementor-element-57de51a e-flex e-con-boxed e-con e-parent\" data-id=\"57de51a\" data-element_type=\"container\" data-settings=\"{&quot;background_background&quot;:&quot;classic&quot;}\" data-core-v316-plus=\"true\">\n\t\t\t\t\t<div class=\"e-con-inner\">\n\t\t\t\t<div class=\"elementor-element elementor-element-0ff4ad6 elementor-widget elementor-widget-heading\" data-id=\"0ff4ad6\" data-element_type=\"widget\" data-widget_type=\"heading.default\">\n\t\t\t\t<div class=\"elementor-widget-container\">\n\t\t\t<style>\/*! elementor - v3.20.0 - 26-03-2024 *\/\n.elementor-heading-title{padding:0;margin:0;line-height:1}.elementor-widget-heading .elementor-heading-title[class*=elementor-size-]>a{color:inherit;font-size:inherit;line-height:inherit}.elementor-widget-heading .elementor-heading-title.elementor-size-small{font-size:15px}.elementor-widget-heading .elementor-heading-title.elementor-size-medium{font-size:19px}.elementor-widget-heading .elementor-heading-title.elementor-size-large{font-size:29px}.elementor-widget-heading .elementor-heading-title.elementor-size-xl{font-size:39px}.elementor-widget-heading .elementor-heading-title.elementor-size-xxl{font-size:59px}<\/style><h1 class=\"elementor-heading-title elementor-size-default\">NUESTRA MISI\u00d3N<\/h1>\t\t<\/div>\n\t\t\t\t<\/div>\n\t\t\t\t\t<\/div>\n\t\t\t\t<\/div>\n\t\t<div class=\"elementor-element elementor-element-af049a0 e-flex e-con-boxed e-con e-parent\" data-id=\"af049a0\" data-element_type=\"container\" data-core-v316-plus=\"true\">\n\t\t\t\t\t<div class=\"e-con-inner\">\n\t\t<div class=\"elementor-element elementor-element-3252317 e-con-full e-flex e-con e-child\" data-id=\"3252317\" data-element_type=\"container\" data-settings=\"{&quot;background_background&quot;:&quot;classic&quot;}\">\n\t\t\t\t<\/div>\n\t\t<div class=\"elementor-element elementor-element-4e27f3a e-con-full e-flex e-con e-child\" data-id=\"4e27f3a\" data-element_type=\"container\">\n\t\t\t\t<div class=\"elementor-element elementor-element-bf2d71c elementor-widget elementor-widget-heading\" data-id=\"bf2d71c\" data-element_type=\"widget\" data-widget_type=\"heading.default\">\n\t\t\t\t<div class=\"elementor-widget-container\">\n\t\t\t<h2 class=\"elementor-heading-title elementor-size-default\">El OBJETIVO DE BAGPES - Consulting<\/h2>\t\t<\/div>\n\t\t\t\t<\/div>\n\t\t\t\t<div class=\"elementor-element elementor-element-424281d elementor-widget elementor-widget-text-editor\" data-id=\"424281d\" data-element_type=\"widget\" data-widget_type=\"text-editor.default\">\n\t\t\t\t<div class=\"elementor-widget-container\">\n\t\t\t<style>\/*! elementor - v3.20.0 - 26-03-2024 *\/\n.elementor-widget-text-editor.elementor-drop-cap-view-stacked .elementor-drop-cap{background-color:#69727d;color:#fff}.elementor-widget-text-editor.elementor-drop-cap-view-framed .elementor-drop-cap{color:#69727d;border:3px solid;background-color:transparent}.elementor-widget-text-editor:not(.elementor-drop-cap-view-default) .elementor-drop-cap{margin-top:8px}.elementor-widget-text-editor:not(.elementor-drop-cap-view-default) .elementor-drop-cap-letter{width:1em;height:1em}.elementor-widget-text-editor .elementor-drop-cap{float:left;text-align:center;line-height:1;font-size:50px}.elementor-widget-text-editor .elementor-drop-cap-letter{display:inline-block}<\/style>\t\t\t\t<p>El OBJETIVO DE BAGPES &#8211; Consulting nace como una propuesta de ofrecer servicios de consultor\u00eda y de ingenier\u00eda a empresas fabricantes de <span class=\"\" lang=\"CA\">\u00a0<span class=\"\">equipos<\/span><\/span> y maquinaria relacionadas con el sector del embalaje flexible en sacos industriales. La propuesta quiere dar respuesta y llenar el vac\u00edo existente en este campo de la consultor\u00eda en este sector, aunque tambi\u00e9n va dirigida a empresas que tienen integrados procesos de ensacado y paletizado de sacos industriales dentro de su proceso productivo, con el fin de optimizar y mejorar el funcionamiento de estos equipos e instalaciones, o adquirir de <span class=\"\" lang=\"CA\"><span class=\"\">nuevas<\/span><\/span>.<\/p>\t\t\t\t\t\t<\/div>\n\t\t\t\t<\/div>\n\t\t\t\t<div class=\"elementor-element elementor-element-215962e elementor-widget elementor-widget-image\" data-id=\"215962e\" data-element_type=\"widget\" data-widget_type=\"image.default\">\n\t\t\t\t<div class=\"elementor-widget-container\">\n\t\t\t<style>\/*! elementor - v3.20.0 - 26-03-2024 *\/\n.elementor-widget-image{text-align:center}.elementor-widget-image a{display:inline-block}.elementor-widget-image a img[src$=\".svg\"]{width:48px}.elementor-widget-image img{vertical-align:middle;display:inline-block}<\/style>\t\t\t\t\t\t\t\t\t\t<img decoding=\"async\" width=\"320\" height=\"21\" src=\"https:\/\/www.bagpes.com\/wp-content\/uploads\/2024\/04\/separador.png\" class=\"attachment-full size-full wp-image-147\" alt=\"\" srcset=\"https:\/\/www.bagpes.com\/wp-content\/uploads\/2024\/04\/separador.png 320w, https:\/\/www.bagpes.com\/wp-content\/uploads\/2024\/04\/separador-300x20.png 300w\" sizes=\"(max-width: 320px) 100vw, 320px\" \/>\t\t\t\t\t\t\t\t\t\t\t\t\t<\/div>\n\t\t\t\t<\/div>\n\t\t\t\t<div class=\"elementor-element elementor-element-587c8db elementor-widget elementor-widget-text-editor\" data-id=\"587c8db\" data-element_type=\"widget\" data-widget_type=\"text-editor.default\">\n\t\t\t\t<div class=\"elementor-widget-container\">\n\t\t\t\t\t\t\t<p>BAGPES &#8211; Consulting se constituye con la voluntad de ayudar a las empresas con los nuevos retos que se enfrentan con un mercado cambiante y en permanente evoluci\u00f3n, contribuyendo con soluciones innovadoras, sustentadas por un amplio conocimiento del sector y una ampl\u00eda experiencia en el desarrollo de m\u00e1quinas y equipos. Nuestros clientes pueden contar con nosotros para llevar a cabo proyectos de investigaci\u00f3n, desarrollo, e innovaci\u00f3n de nuevos productos, pero tambi\u00e9n por proyectos hechos a medida, relacionados con equipos de embalaje para sacos industriales. La investigaci\u00f3n de excelencia forma parte de nuestro ADN.<\/p>\n\t\t\t\t\t\t<\/div>\n\t\t\t\t<\/div>\n\t\t\t\t<\/div>\n\t\t\t\t\t<\/div>\n\t\t\t\t<\/div>\n\t\t\t\t<\/div>\n\t\t","protected":false},"excerpt":{"rendered":"<p>NUESTRA MISI\u00d3N El OBJETIVO DE BAGPES &#8211; Consulting El OBJETIVO DE BAGPES &#8211; Consulting nace como una propuesta de ofrecer servicios de consultor\u00eda y de ingenier\u00eda a empresas fabricantes de \u00a0equipos y maquinaria relacionadas con el sector del embalaje flexible en sacos industriales. La propuesta quiere dar respuesta y llenar el vac\u00edo existente en este [&hellip;]<\/p>\n","protected":false},"author":1,"featured_media":0,"parent":0,"menu_order":0,"comment_status":"closed","ping_status":"closed","template":"elementor_header_footer","meta":{"footnotes":""},"class_list":["post-1240","page","type-page","status-publish","hentry"],"_links":{"self":[{"href":"https:\/\/www.bagpes.com\/es\/wp-json\/wp\/v2\/pages\/1240","targetHints":{"allow":["GET"]}}],"collection":[{"href":"https:\/\/www.bagpes.com\/es\/wp-json\/wp\/v2\/pages"}],"about":[{"href":"https:\/\/www.bagpes.com\/es\/wp-json\/wp\/v2\/types\/page"}],"author":[{"embeddable":true,"href":"https:\/\/www.bagpes.com\/es\/wp-json\/wp\/v2\/users\/1"}],"replies":[{"embeddable":true,"href":"https:\/\/www.bagpes.com\/es\/wp-json\/wp\/v2\/comments?post=1240"}],"version-history":[{"count":12,"href":"https:\/\/www.bagpes.com\/es\/wp-json\/wp\/v2\/pages\/1240\/revisions"}],"predecessor-version":[{"id":1759,"href":"https:\/\/www.bagpes.com\/es\/wp-json\/wp\/v2\/pages\/1240\/revisions\/1759"}],"wp:attachment":[{"href":"https:\/\/www.bagpes.com\/es\/wp-json\/wp\/v2\/media?parent=1240"}],"curies":[{"name":"wp","href":"https:\/\/api.w.org\/{rel}","templated":true}]}}