{"id":1244,"date":"2024-04-03T14:10:42","date_gmt":"2024-04-03T14:10:42","guid":{"rendered":"https:\/\/www.bagpes.com\/servicios\/"},"modified":"2024-05-02T09:27:04","modified_gmt":"2024-05-02T09:27:04","slug":"servicios","status":"publish","type":"page","link":"https:\/\/www.bagpes.com\/es\/servicios\/","title":{"rendered":"SERVICIOS"},"content":{"rendered":"\t\t<div data-elementor-type=\"wp-page\" data-elementor-id=\"1244\" class=\"elementor elementor-1244 elementor-49\" data-elementor-post-type=\"page\">\n\t\t\t\t<div class=\"elementor-element elementor-element-cae5cb3 e-flex e-con-boxed e-con e-parent\" data-id=\"cae5cb3\" data-element_type=\"container\" data-settings=\"{&quot;background_background&quot;:&quot;classic&quot;}\" data-core-v316-plus=\"true\">\n\t\t\t\t\t<div class=\"e-con-inner\">\n\t\t\t\t<div class=\"elementor-element elementor-element-2bae950 elementor-widget elementor-widget-heading\" data-id=\"2bae950\" data-element_type=\"widget\" data-widget_type=\"heading.default\">\n\t\t\t\t<div class=\"elementor-widget-container\">\n\t\t\t<style>\/*! elementor - v3.20.0 - 26-03-2024 *\/\n.elementor-heading-title{padding:0;margin:0;line-height:1}.elementor-widget-heading .elementor-heading-title[class*=elementor-size-]>a{color:inherit;font-size:inherit;line-height:inherit}.elementor-widget-heading .elementor-heading-title.elementor-size-small{font-size:15px}.elementor-widget-heading .elementor-heading-title.elementor-size-medium{font-size:19px}.elementor-widget-heading .elementor-heading-title.elementor-size-large{font-size:29px}.elementor-widget-heading .elementor-heading-title.elementor-size-xl{font-size:39px}.elementor-widget-heading .elementor-heading-title.elementor-size-xxl{font-size:59px}<\/style><h1 class=\"elementor-heading-title elementor-size-default\">SERVICIOS<\/h1>\t\t<\/div>\n\t\t\t\t<\/div>\n\t\t\t\t\t<\/div>\n\t\t\t\t<\/div>\n\t\t<div class=\"elementor-element elementor-element-b43e38a e-con-full e-flex e-con e-parent\" data-id=\"b43e38a\" data-element_type=\"container\" data-core-v316-plus=\"true\">\n\t\t<div class=\"elementor-element elementor-element-408fd4a e-con-full e-flex e-con e-child\" data-id=\"408fd4a\" data-element_type=\"container\" data-settings=\"{&quot;background_background&quot;:&quot;classic&quot;}\">\n\t\t\t\t<\/div>\n\t\t<div class=\"elementor-element elementor-element-9107e0c e-con-full e-flex e-con e-child\" data-id=\"9107e0c\" data-element_type=\"container\">\n\t\t\t\t<div class=\"elementor-element elementor-element-e636888 elementor-widget elementor-widget-heading\" data-id=\"e636888\" data-element_type=\"widget\" data-widget_type=\"heading.default\">\n\t\t\t\t<div class=\"elementor-widget-container\">\n\t\t\t<h3 class=\"elementor-heading-title elementor-size-default\">ASESOR\u00cdA Y CONSULTOR\u00cdA T\u00c9CNICA EN:<\/h3>\t\t<\/div>\n\t\t\t\t<\/div>\n\t\t\t\t<div class=\"elementor-element elementor-element-e74f693 elementor-widget elementor-widget-text-editor\" data-id=\"e74f693\" data-element_type=\"widget\" data-widget_type=\"text-editor.default\">\n\t\t\t\t<div class=\"elementor-widget-container\">\n\t\t\t<style>\/*! elementor - v3.20.0 - 26-03-2024 *\/\n.elementor-widget-text-editor.elementor-drop-cap-view-stacked .elementor-drop-cap{background-color:#69727d;color:#fff}.elementor-widget-text-editor.elementor-drop-cap-view-framed .elementor-drop-cap{color:#69727d;border:3px solid;background-color:transparent}.elementor-widget-text-editor:not(.elementor-drop-cap-view-default) .elementor-drop-cap{margin-top:8px}.elementor-widget-text-editor:not(.elementor-drop-cap-view-default) .elementor-drop-cap-letter{width:1em;height:1em}.elementor-widget-text-editor .elementor-drop-cap{float:left;text-align:center;line-height:1;font-size:50px}.elementor-widget-text-editor .elementor-drop-cap-letter{display:inline-block}<\/style>\t\t\t\t<ul><li>Estudios de desarrollo estrat\u00e9gico de gamas de producto para optimizar las prestaciones y coste de los equipos para ajustarlos a los requerimientos de los mercados objetivos de la empresa.<\/li><li>Estudios previos de las soluciones tecnol\u00f3gicas m\u00e1s adecuadas para el desarrollo de nuevos equipos de ensacado y paletizado.<\/li><li>Adquisici\u00f3n y compra de nuevos equipos de envasado.<\/li><\/ul>\t\t\t\t\t\t<\/div>\n\t\t\t\t<\/div>\n\t\t\t\t<\/div>\n\t\t\t\t<\/div>\n\t\t<div class=\"elementor-element elementor-element-ddf2298 e-con-full elementor-hidden-tablet elementor-hidden-mobile e-flex e-con e-parent\" data-id=\"ddf2298\" data-element_type=\"container\" data-core-v316-plus=\"true\">\n\t\t<div class=\"elementor-element elementor-element-3dc6463 e-con-full e-flex e-con e-child\" data-id=\"3dc6463\" data-element_type=\"container\">\n\t\t\t\t<div class=\"elementor-element elementor-element-4955991 elementor-widget elementor-widget-heading\" data-id=\"4955991\" data-element_type=\"widget\" data-widget_type=\"heading.default\">\n\t\t\t\t<div class=\"elementor-widget-container\">\n\t\t\t<h3 class=\"elementor-heading-title elementor-size-default\">CONSULTOR\u00cdA Y OPTIMIZACI\u00d3N:<\/h3>\t\t<\/div>\n\t\t\t\t<\/div>\n\t\t\t\t<div class=\"elementor-element elementor-element-59da8a5 elementor-widget elementor-widget-text-editor\" data-id=\"59da8a5\" data-element_type=\"widget\" data-widget_type=\"text-editor.default\">\n\t\t\t\t<div class=\"elementor-widget-container\">\n\t\t\t\t\t\t\t<ul><li>Dimensionado y optimizaci\u00f3n de materiales de embalaje y adecuaci\u00f3n de los mismos a las l\u00edneas productivas existentes de los clientes. Dimensionado de sacos, estudios de formatos de paletizaci\u00f3n, optimizaci\u00f3n de cargas en pal\u00e9s.<\/li><li>Optimizaci\u00f3n en implantaciones de l\u00edneas y equipos de envasado nuevos o ya existentes.<\/li><li>Estudios de optimizaci\u00f3n de capacidades productivas de instalaciones de ensacado y paletizado ya existentes.<\/li><\/ul>\t\t\t\t\t\t<\/div>\n\t\t\t\t<\/div>\n\t\t\t\t<\/div>\n\t\t<div class=\"elementor-element elementor-element-fd711cd e-con-full e-flex e-con e-child\" data-id=\"fd711cd\" data-element_type=\"container\" data-settings=\"{&quot;background_background&quot;:&quot;classic&quot;}\">\n\t\t\t\t<\/div>\n\t\t\t\t<\/div>\n\t\t<div class=\"elementor-element elementor-element-ba51f65 e-con-full elementor-hidden-desktop e-flex e-con e-parent\" data-id=\"ba51f65\" data-element_type=\"container\" data-core-v316-plus=\"true\">\n\t\t<div class=\"elementor-element elementor-element-27d8ee3 e-con-full e-flex e-con e-child\" data-id=\"27d8ee3\" data-element_type=\"container\" data-settings=\"{&quot;background_background&quot;:&quot;classic&quot;}\">\n\t\t\t\t<\/div>\n\t\t<div class=\"elementor-element elementor-element-08248af e-con-full e-flex e-con e-child\" data-id=\"08248af\" data-element_type=\"container\">\n\t\t\t\t<div class=\"elementor-element elementor-element-dddd86d elementor-widget elementor-widget-heading\" data-id=\"dddd86d\" data-element_type=\"widget\" data-widget_type=\"heading.default\">\n\t\t\t\t<div class=\"elementor-widget-container\">\n\t\t\t<h3 class=\"elementor-heading-title elementor-size-default\">CONSULTOR\u00cdA Y OPTIMIZACI\u00d3N:<\/h3>\t\t<\/div>\n\t\t\t\t<\/div>\n\t\t\t\t<div class=\"elementor-element elementor-element-e1c0986 elementor-widget elementor-widget-text-editor\" data-id=\"e1c0986\" data-element_type=\"widget\" data-widget_type=\"text-editor.default\">\n\t\t\t\t<div class=\"elementor-widget-container\">\n\t\t\t\t\t\t\t<ul>\n<li>Dimensionado de optimizaci\u00f3n de materiales de embalaje y adecuaci\u00f3n de los mismos a las l\u00edneas productivas existentes de los clientes. Dimensionado de sacos, estudios de formatos de paletizaci\u00f3n, optimizaci\u00f3n de cargas en pal\u00e9s.<\/li>\n<li>Optimizaci\u00f3n en implantaciones de l\u00edneas y equipos de envasado nuevos o ya existentes.<\/li>\n<li>Estudios de optimizaci\u00f3n de capacidades productivas de instalaciones de ensacado y paletizado ya existentes.<\/li>\n<\/ul>\n\t\t\t\t\t\t<\/div>\n\t\t\t\t<\/div>\n\t\t\t\t<\/div>\n\t\t\t\t<\/div>\n\t\t<div class=\"elementor-element elementor-element-7c3d563 e-con-full e-flex e-con e-parent\" data-id=\"7c3d563\" data-element_type=\"container\" data-core-v316-plus=\"true\">\n\t\t<div class=\"elementor-element elementor-element-305b077 e-con-full e-flex e-con e-child\" data-id=\"305b077\" data-element_type=\"container\" data-settings=\"{&quot;background_background&quot;:&quot;classic&quot;}\">\n\t\t\t\t<\/div>\n\t\t<div class=\"elementor-element elementor-element-2a62e4c e-con-full e-flex e-con e-child\" data-id=\"2a62e4c\" data-element_type=\"container\">\n\t\t\t\t<div class=\"elementor-element elementor-element-8c47352 elementor-widget elementor-widget-heading\" data-id=\"8c47352\" data-element_type=\"widget\" data-widget_type=\"heading.default\">\n\t\t\t\t<div class=\"elementor-widget-container\">\n\t\t\t<h3 class=\"elementor-heading-title elementor-size-default\">DIRECCI\u00d3N DE PROYECTOS Y DISE\u00d1O:<\/h3>\t\t<\/div>\n\t\t\t\t<\/div>\n\t\t\t\t<div class=\"elementor-element elementor-element-a380d80 elementor-widget elementor-widget-text-editor\" data-id=\"a380d80\" data-element_type=\"widget\" data-widget_type=\"text-editor.default\">\n\t\t\t\t<div class=\"elementor-widget-container\">\n\t\t\t\t\t\t\t<ul>\n<li>Direcci\u00f3n y coordinaci\u00f3n de equipos implicados en proyectos de desarrollo de nuevos productos.<\/li>\n<li>Dise\u00f1o de equipos de ensacado y paletizado: a partir de las necesidades del cliente, estudiamos las alternativas posibles, y desarrollamos la mejor soluci\u00f3n.<\/li>\n<li>Proyectos de reforma de equipos de ensacado y paletizado existentes: estudios y proyectos de adaptaci\u00f3n de las m\u00e1quinas existentes a nuevos procesos, nuevas exigencias de los mercados, cambios en productos a envasar o formatos de embalaje.<\/li>\n<\/ul>\n\t\t\t\t\t\t<\/div>\n\t\t\t\t<\/div>\n\t\t\t\t<\/div>\n\t\t\t\t<\/div>\n\t\t\t\t<\/div>\n\t\t","protected":false},"excerpt":{"rendered":"<p>SERVICIOS ASESOR\u00cdA Y CONSULTOR\u00cdA T\u00c9CNICA EN: Estudios de desarrollo estrat\u00e9gico de gamas de producto para optimizar las prestaciones y coste de los equipos para ajustarlos a los requerimientos de los mercados objetivos de la empresa. Estudios previos de las soluciones tecnol\u00f3gicas m\u00e1s adecuadas para el desarrollo de nuevos equipos de ensacado y paletizado. Adquisici\u00f3n y [&hellip;]<\/p>\n","protected":false},"author":1,"featured_media":0,"parent":0,"menu_order":0,"comment_status":"closed","ping_status":"closed","template":"elementor_header_footer","meta":{"footnotes":""},"class_list":["post-1244","page","type-page","status-publish","hentry"],"_links":{"self":[{"href":"https:\/\/www.bagpes.com\/es\/wp-json\/wp\/v2\/pages\/1244","targetHints":{"allow":["GET"]}}],"collection":[{"href":"https:\/\/www.bagpes.com\/es\/wp-json\/wp\/v2\/pages"}],"about":[{"href":"https:\/\/www.bagpes.com\/es\/wp-json\/wp\/v2\/types\/page"}],"author":[{"embeddable":true,"href":"https:\/\/www.bagpes.com\/es\/wp-json\/wp\/v2\/users\/1"}],"replies":[{"embeddable":true,"href":"https:\/\/www.bagpes.com\/es\/wp-json\/wp\/v2\/comments?post=1244"}],"version-history":[{"count":15,"href":"https:\/\/www.bagpes.com\/es\/wp-json\/wp\/v2\/pages\/1244\/revisions"}],"predecessor-version":[{"id":1652,"href":"https:\/\/www.bagpes.com\/es\/wp-json\/wp\/v2\/pages\/1244\/revisions\/1652"}],"wp:attachment":[{"href":"https:\/\/www.bagpes.com\/es\/wp-json\/wp\/v2\/media?parent=1244"}],"curies":[{"name":"wp","href":"https:\/\/api.w.org\/{rel}","templated":true}]}}